{"id":2704,"date":"2025-08-22T15:03:32","date_gmt":"2025-08-22T19:03:32","guid":{"rendered":"https:\/\/cclet.org\/?page_id=2704"},"modified":"2025-08-26T15:12:55","modified_gmt":"2025-08-26T19:12:55","slug":"fundraising-partners","status":"publish","type":"page","link":"https:\/\/cclet.org\/fr\/fundraising-partners\/","title":{"rendered":"Partenaires de collecte de fonds"},"content":{"rendered":"<div class=\"wpb_text_column wpb_content_element\">\n<h3><\/h3>\n<div class=\"wpb_wrapper\">\n<h3><img loading=\"lazy\" decoding=\"async\" class=\"aligncenter wp-image-2941 size-full\" src=\"https:\/\/cclet.org\/wp-content\/uploads\/2025\/08\/po-team-scaled.jpg\" alt=\"\" width=\"2560\" height=\"1440\" srcset=\"https:\/\/cclet.org\/wp-content\/uploads\/2025\/08\/po-team-scaled.jpg 2560w, https:\/\/cclet.org\/wp-content\/uploads\/2025\/08\/po-team-300x169.jpg 300w, https:\/\/cclet.org\/wp-content\/uploads\/2025\/08\/po-team-1024x576.jpg 1024w, https:\/\/cclet.org\/wp-content\/uploads\/2025\/08\/po-team-768x432.jpg 768w, https:\/\/cclet.org\/wp-content\/uploads\/2025\/08\/po-team-1536x864.jpg 1536w, https:\/\/cclet.org\/wp-content\/uploads\/2025\/08\/po-team-2048x1152.jpg 2048w, https:\/\/cclet.org\/wp-content\/uploads\/2025\/08\/po-team-18x10.jpg 18w\" sizes=\"auto, (max-width: 2560px) 100vw, 2560px\" \/><\/h3>\n<h3>Travailler avec nos partenaires de collecte de fonds<\/h3>\n<p>L&#039;Association canadienne des libert\u00e9s civiles (ACLC) et le Fonds canadien d&#039;\u00e9ducation pour les libert\u00e9s civiles (FCELC) travaillent avec des partenaires de collecte de fonds de confiance pour recueillir le soutien n\u00e9cessaire \u00e0 l&#039;avancement de notre travail de d\u00e9fense des droits et de nos programmes d&#039;\u00e9ducation qui mettent l&#039;accent sur la protection des droits et des libert\u00e9s partout au Canada.<\/p>\n<h3>Collecte de fonds en face \u00e0 face<\/h3>\n<p>CCLET travaille actuellement avec l&#039;agence professionnelle de collecte de fonds <strong>Sensibilisation du public<\/strong>Nous avons personnellement form\u00e9 nos collecteurs de fonds en face \u00e0 face pour qu&#039;ils deviennent des ambassadeurs passionn\u00e9s du CCLET, en leur offrant une formation approfondie sur notre histoire et les programmes \u00e9ducatifs innovants du CCLET.<\/p>\n<p>Si vous habitez \u00e0 Toronto, vous pourriez rencontrer l&#039;un de nos partenaires de collecte de fonds dans la rue. Ces collecteurs de fonds s&#039;adressent directement au public pour faire conna\u00eetre le CCLET et l&#039;inviter \u00e0 soutenir notre travail en devenant donateurs mensuels.<\/p>\n<h3>Comment savoir si une collecte de fonds est l\u00e9gitime ?<\/h3>\n<p>Nos collecteurs de fonds sont facilement identifiables gr\u00e2ce \u00e0 leurs t-shirts sigl\u00e9s CCLET. Ils utiliseront des tablettes \u00e9lectroniques s\u00e9curis\u00e9es pour recueillir les informations des donateurs et n&#039;accepteront pas de dons en esp\u00e8ces.<\/p>\n<h3>Pourquoi des dons mensuels ?<\/h3>\n<p>Les dons mensuels constituent le soutien constant sur lequel reposent nos programmes \u00e9ducatifs. Gr\u00e2ce aux contributions r\u00e9guli\u00e8res de donateurs mensuels, nous pouvons\u00a0:<\/p>\n<ul>\n<li>Continuer \u00e0 proposer des ateliers et des programmes de classe innovants et gratuits aux \u00e9tudiants et aux adultes<\/li>\n<li>D\u00e9velopper de nouvelles ressources pour les enseignants et les \u00e9tudiants<\/li>\n<li>Atteignez davantage de communaut\u00e9s avec des conversations sur les droits, les libert\u00e9s et la d\u00e9mocratie<\/li>\n<\/ul>\n<h3>Le processus d&#039;inscription<\/h3>\n<p>Lorsque vous choisissez de devenir donateur mensuel via l\u2019une de nos collectes de fonds, vos informations sont saisies dans un <strong>syst\u00e8me de tablette s\u00e9curis\u00e9 et crypt\u00e9<\/strong>Lorsque vous vous inscrivez avec une carte de cr\u00e9dit, votre premier don est trait\u00e9 imm\u00e9diatement et vous recevrez une confirmation sur place.<\/p>\n<p>Pour garantir l&#039;exactitude et la s\u00e9curit\u00e9, les nouveaux donateurs mensuels re\u00e7oivent \u00e9galement un <strong>appel t\u00e9l\u00e9phonique de confirmation<\/strong> de notre centre de v\u00e9rification de confiance.<\/p>\n<h3>Plus d&#039;informations<\/h3>\n<p>Vous pouvez en apprendre davantage sur notre partenaire de confiance, Public Outreach, en visitant son site Web \u00e0 l&#039;adresse <a href=\"http:\/\/www.publicoutreachgroup.com\">www.publicoutreachgroup.com<\/a>.<\/p>\n<p>Si vous avez des questions concernant notre campagne actuelle, vous pouvez \u00e9galement nous contacter au (416) 646-1407 ou \u00e0 <a href=\"mailto:donations@cclet.org\">donations@cclet.org<\/a>.<\/p>\n<\/div>\n<\/div>","protected":false},"excerpt":{"rendered":"<p>Travailler avec nos partenaires de collecte de fonds L\u2019Association canadienne des libert\u00e9s civiles (ACLC) et le Fonds canadien d\u2019\u00e9ducation sur les libert\u00e9s civiles (FC\u00c9LC) travaillent avec des partenaires de collecte de fonds de confiance pour recueillir le soutien n\u00e9cessaire \u00e0 l\u2019avancement\u2026<\/p>","protected":false},"author":7,"featured_media":0,"parent":0,"menu_order":0,"comment_status":"closed","ping_status":"closed","template":"","meta":{"footnotes":""},"class_list":["post-2704","page","type-page","status-publish"],"yoast_head":"<!-- This site is optimized with the Yoast SEO plugin v25.8 - https:\/\/yoast.com\/wordpress\/plugins\/seo\/ -->\n<title>Fundraising Partners - Canadian Civil Liberties Education Trust<\/title>\n<meta name=\"robots\" content=\"index, follow, max-snippet:-1, max-image-preview:large, max-video-preview:-1\" \/>\n<link rel=\"canonical\" href=\"https:\/\/cclet.org\/fr\/fundraising-partners\/\" \/>\n<meta property=\"og:locale\" content=\"fr_CA\" \/>\n<meta property=\"og:type\" content=\"article\" \/>\n<meta property=\"og:title\" content=\"Fundraising Partners - Canadian Civil Liberties Education Trust\" \/>\n<meta property=\"og:description\" content=\"Working with Our Fundraising Partners The Canadian Civil Liberties Association (CCLA) and Canadian Civil Liberties Education Trust (CCLET) work with trusted fundraising partners to raise the support needed to advance...\" \/>\n<meta property=\"og:url\" content=\"https:\/\/cclet.org\/fr\/fundraising-partners\/\" \/>\n<meta property=\"og:site_name\" content=\"Canadian Civil Liberties Education Trust\" \/>\n<meta property=\"article:modified_time\" content=\"2025-08-26T19:12:55+00:00\" \/>\n<meta property=\"og:image\" content=\"https:\/\/cclet.org\/wp-content\/uploads\/2025\/08\/po-team-scaled.jpg\" \/>\n\t<meta property=\"og:image:width\" content=\"2560\" \/>\n\t<meta property=\"og:image:height\" content=\"1440\" \/>\n\t<meta property=\"og:image:type\" content=\"image\/jpeg\" \/>\n<meta name=\"twitter:card\" content=\"summary_large_image\" \/>\n<meta name=\"twitter:label1\" content=\"Estimation du temps de lecture\" \/>\n\t<meta name=\"twitter:data1\" content=\"2 minutes\" \/>\n<script type=\"application\/ld+json\" class=\"yoast-schema-graph\">{\"@context\":\"https:\/\/schema.org\",\"@graph\":[{\"@type\":\"WebPage\",\"@id\":\"https:\/\/cclet.org\/fundraising-partners\/\",\"url\":\"https:\/\/cclet.org\/fundraising-partners\/\",\"name\":\"Fundraising Partners - Canadian Civil Liberties Education Trust\",\"isPartOf\":{\"@id\":\"https:\/\/cclet.org\/#website\"},\"primaryImageOfPage\":{\"@id\":\"https:\/\/cclet.org\/fundraising-partners\/#primaryimage\"},\"image\":{\"@id\":\"https:\/\/cclet.org\/fundraising-partners\/#primaryimage\"},\"thumbnailUrl\":\"https:\/\/cclet.org\/wp-content\/uploads\/2025\/08\/po-team-scaled.jpg\",\"datePublished\":\"2025-08-22T19:03:32+00:00\",\"dateModified\":\"2025-08-26T19:12:55+00:00\",\"breadcrumb\":{\"@id\":\"https:\/\/cclet.org\/fundraising-partners\/#breadcrumb\"},\"inLanguage\":\"fr-CA\",\"potentialAction\":[{\"@type\":\"ReadAction\",\"target\":[\"https:\/\/cclet.org\/fundraising-partners\/\"]}]},{\"@type\":\"ImageObject\",\"inLanguage\":\"fr-CA\",\"@id\":\"https:\/\/cclet.org\/fundraising-partners\/#primaryimage\",\"url\":\"https:\/\/cclet.org\/wp-content\/uploads\/2025\/08\/po-team-scaled.jpg\",\"contentUrl\":\"https:\/\/cclet.org\/wp-content\/uploads\/2025\/08\/po-team-scaled.jpg\"},{\"@type\":\"BreadcrumbList\",\"@id\":\"https:\/\/cclet.org\/fundraising-partners\/#breadcrumb\",\"itemListElement\":[{\"@type\":\"ListItem\",\"position\":1,\"name\":\"Home\",\"item\":\"https:\/\/cclet.org\/\"},{\"@type\":\"ListItem\",\"position\":2,\"name\":\"Fundraising Partners\"}]},{\"@type\":\"WebSite\",\"@id\":\"https:\/\/cclet.org\/#website\",\"url\":\"https:\/\/cclet.org\/\",\"name\":\"Canadian Civil Liberties Education Trust\",\"description\":\"CCLET is a non-profit research and public educational organization created by the CCLA.\",\"potentialAction\":[{\"@type\":\"SearchAction\",\"target\":{\"@type\":\"EntryPoint\",\"urlTemplate\":\"https:\/\/cclet.org\/?s={search_term_string}\"},\"query-input\":{\"@type\":\"PropertyValueSpecification\",\"valueRequired\":true,\"valueName\":\"search_term_string\"}}],\"inLanguage\":\"fr-CA\"}]}<\/script>\n<!-- \/ Yoast SEO plugin. -->","yoast_head_json":{"title":"Fundraising Partners - Canadian Civil Liberties Education Trust","robots":{"index":"index","follow":"follow","max-snippet":"max-snippet:-1","max-image-preview":"max-image-preview:large","max-video-preview":"max-video-preview:-1"},"canonical":"https:\/\/cclet.org\/fr\/fundraising-partners\/","og_locale":"fr_CA","og_type":"article","og_title":"Fundraising Partners - Canadian Civil Liberties Education Trust","og_description":"Working with Our Fundraising Partners The Canadian Civil Liberties Association (CCLA) and Canadian Civil Liberties Education Trust (CCLET) work with trusted fundraising partners to raise the support needed to advance...","og_url":"https:\/\/cclet.org\/fr\/fundraising-partners\/","og_site_name":"Canadian Civil Liberties Education Trust","article_modified_time":"2025-08-26T19:12:55+00:00","og_image":[{"width":2560,"height":1440,"url":"https:\/\/cclet.org\/wp-content\/uploads\/2025\/08\/po-team-scaled.jpg","type":"image\/jpeg"}],"twitter_card":"summary_large_image","twitter_misc":{"Estimation du temps de lecture":"2 minutes"},"schema":{"@context":"https:\/\/schema.org","@graph":[{"@type":"WebPage","@id":"https:\/\/cclet.org\/fundraising-partners\/","url":"https:\/\/cclet.org\/fundraising-partners\/","name":"Fundraising Partners - Canadian Civil Liberties Education Trust","isPartOf":{"@id":"https:\/\/cclet.org\/#website"},"primaryImageOfPage":{"@id":"https:\/\/cclet.org\/fundraising-partners\/#primaryimage"},"image":{"@id":"https:\/\/cclet.org\/fundraising-partners\/#primaryimage"},"thumbnailUrl":"https:\/\/cclet.org\/wp-content\/uploads\/2025\/08\/po-team-scaled.jpg","datePublished":"2025-08-22T19:03:32+00:00","dateModified":"2025-08-26T19:12:55+00:00","breadcrumb":{"@id":"https:\/\/cclet.org\/fundraising-partners\/#breadcrumb"},"inLanguage":"fr-CA","potentialAction":[{"@type":"ReadAction","target":["https:\/\/cclet.org\/fundraising-partners\/"]}]},{"@type":"ImageObject","inLanguage":"fr-CA","@id":"https:\/\/cclet.org\/fundraising-partners\/#primaryimage","url":"https:\/\/cclet.org\/wp-content\/uploads\/2025\/08\/po-team-scaled.jpg","contentUrl":"https:\/\/cclet.org\/wp-content\/uploads\/2025\/08\/po-team-scaled.jpg"},{"@type":"BreadcrumbList","@id":"https:\/\/cclet.org\/fundraising-partners\/#breadcrumb","itemListElement":[{"@type":"ListItem","position":1,"name":"Home","item":"https:\/\/cclet.org\/"},{"@type":"ListItem","position":2,"name":"Fundraising Partners"}]},{"@type":"WebSite","@id":"https:\/\/cclet.org\/#website","url":"https:\/\/cclet.org\/","name":"Canadian Civil Liberties Education Trust","description":"CCLET is a non-profit research and public educational organization created by the CCLA.","potentialAction":[{"@type":"SearchAction","target":{"@type":"EntryPoint","urlTemplate":"https:\/\/cclet.org\/?s={search_term_string}"},"query-input":{"@type":"PropertyValueSpecification","valueRequired":true,"valueName":"search_term_string"}}],"inLanguage":"fr-CA"}]}},"_links":{"self":[{"href":"https:\/\/cclet.org\/fr\/wp-json\/wp\/v2\/pages\/2704","targetHints":{"allow":["GET"]}}],"collection":[{"href":"https:\/\/cclet.org\/fr\/wp-json\/wp\/v2\/pages"}],"about":[{"href":"https:\/\/cclet.org\/fr\/wp-json\/wp\/v2\/types\/page"}],"author":[{"embeddable":true,"href":"https:\/\/cclet.org\/fr\/wp-json\/wp\/v2\/users\/7"}],"replies":[{"embeddable":true,"href":"https:\/\/cclet.org\/fr\/wp-json\/wp\/v2\/comments?post=2704"}],"version-history":[{"count":4,"href":"https:\/\/cclet.org\/fr\/wp-json\/wp\/v2\/pages\/2704\/revisions"}],"predecessor-version":[{"id":2943,"href":"https:\/\/cclet.org\/fr\/wp-json\/wp\/v2\/pages\/2704\/revisions\/2943"}],"wp:attachment":[{"href":"https:\/\/cclet.org\/fr\/wp-json\/wp\/v2\/media?parent=2704"}],"curies":[{"name":"wp","href":"https:\/\/api.w.org\/{rel}","templated":true}]}}