{"id":508,"date":"2021-05-24T18:20:16","date_gmt":"2021-05-24T22:20:16","guid":{"rendered":"https:\/\/cclet.org\/?page_id=508"},"modified":"2025-10-16T14:20:12","modified_gmt":"2025-10-16T18:20:12","slug":"contests","status":"publish","type":"page","link":"https:\/\/cclet.org\/fr\/contests\/","title":{"rendered":"Concours"},"content":{"rendered":"<div id=\"fws_69d8637f95981\"  data-column-margin=\"default\" data-midnight=\"dark\"  class=\"wpb_row vc_row-fluid vc_row full-width-content vc_row-o-equal-height vc_row-flex vc_row-o-content-middle\"  style=\"padding-top: 0px; padding-bottom: 0px; \"><div class=\"row-bg-wrap\" data-bg-animation=\"none\" data-bg-animation-delay=\"\" data-bg-overlay=\"false\"><div class=\"inner-wrap row-bg-layer using-image\" ><div class=\"row-bg viewport-desktop using-image using-bg-color\"  style=\"background-image: url(https:\/\/cclet.org\/wp-content\/uploads\/2021\/07\/banner5-scaled.jpg); background-position: left bottom; background-repeat: no-repeat; background-color: #ffffff; \"><\/div><\/div><\/div><div class=\"row_col_wrap_12 col span_12 dark left\">\n\t<div  class=\"vc_col-sm-5 wpb_column column_container vc_column_container col padding-10-percent inherit_tablet inherit_phone\"  data-padding-pos=\"top-bottom\" data-has-bg-color=\"false\" data-bg-color=\"\" data-bg-opacity=\"1\" data-animation=\"\" data-delay=\"0\" >\n\t\t<div class=\"vc_column-inner\" >\n\t\t\t<div class=\"wpb_wrapper\">\n\t\t\t\t<div class=\"divider-wrap\" data-alignment=\"default\"><div style=\"height: 150px;\" class=\"divider\"><\/div><\/div>\n\t\t\t<\/div> \n\t\t<\/div>\n\t<\/div> \n\n\t<div  class=\"vc_col-sm-7 wpb_column column_container vc_column_container col no-extra-padding inherit_tablet inherit_phone\"  data-padding-pos=\"left-right\" data-has-bg-color=\"false\" data-bg-color=\"\" data-bg-opacity=\"1\" data-animation=\"\" data-delay=\"0\" >\n\t\t<div class=\"vc_column-inner\" >\n\t\t\t<div class=\"wpb_wrapper\">\n\t\t\t\t<div id=\"fws_69d8637f96a71\" data-midnight=\"\" data-column-margin=\"default\" class=\"wpb_row vc_row-fluid vc_row inner_row\"  style=\"\"><div class=\"row-bg-wrap\"> <div class=\"row-bg\" ><\/div> <\/div><div class=\"row_col_wrap_12_inner col span_12  left\">\n\t<div style=\"\" class=\"vc_col-sm-12 wpb_column column_container vc_column_container col child_column padding-8-percent inherit_tablet inherit_phone\"  data-using-bg=\"true\" data-padding-pos=\"all\" data-has-bg-color=\"true\" data-bg-color=\"#00459b\" data-bg-opacity=\"1\" data-animation=\"\" data-delay=\"0\" >\n\t\t<div class=\"vc_column-inner\" ><div class=\"column-bg-overlay-wrap column-bg-layer\" data-bg-animation=\"none\"><div class=\"column-bg-overlay\" style=\"opacity: 1; background-color: #00459b;\"><\/div><\/div>\n\t\t<div class=\"wpb_wrapper\">\n\t\t\t<h1 style=\"color: #ffffff;text-align: left\" class=\"vc_custom_heading vc_do_custom_heading h1-shadow\" >Le Concours Bernard Chernos<\/h1>\n\t\t<\/div> \n\t<\/div>\n\t<\/div> \n<\/div><\/div>\n\t\t\t<\/div> \n\t\t<\/div>\n\t<\/div> \n<\/div><\/div>\n\t\t<div id=\"fws_69d8637f97800\"  data-column-margin=\"60px\" data-midnight=\"dark\" data-top-percent=\"2%\" data-bottom-percent=\"2%\"  class=\"wpb_row vc_row-fluid vc_row full-width-section vc_row-o-equal-height vc_row-flex vc_row-o-content-middle\"  style=\"padding-top: calc(100vw * 0.02); padding-bottom: calc(100vw * 0.02); \"><div class=\"row-bg-wrap\" data-bg-animation=\"none\" data-bg-animation-delay=\"\" data-bg-overlay=\"false\"><div class=\"inner-wrap row-bg-layer\" ><div class=\"row-bg viewport-desktop using-bg-color\"  style=\"background-color: #ffffff; \"><\/div><\/div><\/div><div class=\"row_col_wrap_12 col span_12 dark left\">\n\t<div  class=\"vc_col-sm-8 wpb_column column_container vc_column_container col no-extra-padding inherit_tablet inherit_phone\"  data-padding-pos=\"all\" data-has-bg-color=\"false\" data-bg-color=\"\" data-bg-opacity=\"1\" data-animation=\"\" data-delay=\"0\" >\n\t\t<div class=\"vc_column-inner\" >\n\t\t\t<div class=\"wpb_wrapper\">\n\t\t\t\t\n<div class=\"wpb_text_column wpb_content_element\" >\n\t<div class=\"wpb_wrapper\">\n\t\t<p>Chaque ann\u00e9e, le CCLET organise un concours national de dissertations et de vid\u00e9os pour les lyc\u00e9ens afin de comm\u00e9morer l&#039;\u0153uvre de Bernard Chernos. Les \u00e9l\u00e8ves soumettent leurs \u0153uvres sur des enjeux urgents et actuels en mati\u00e8re de libert\u00e9s civiles au Canada (souvent des enjeux sur lesquels le CCLA travaille lui-m\u00eame). Les \u0153uvres peuvent \u00eatre soumises sous forme de dissertations ou de vid\u00e9os pour tenter de remporter le concours. <strong>Gagnez des prix en esp\u00e8ces !<\/strong><\/p>\n<p>Le Concours Bernard Chernos fait une<strong> excellent devoir pr\u00eat \u00e0 l&#039;emploi pour un large \u00e9ventail de cours de lyc\u00e9e\u00a0; <\/strong>nous accueillons et encourageons \u00e9galement les candidatures en fran\u00e7ais !<\/p>\n<p>Les finalistes du concours sont s\u00e9lectionn\u00e9s et jug\u00e9s par des b\u00e9n\u00e9voles poss\u00e9dant une expertise scientifique et pratique dans les domaines du droit, de l&#039;\u00e9ducation, des libert\u00e9s civiles et des droits de l&#039;homme de partout au pays.<\/p>\n\t<\/div>\n<\/div>\n\n\n\n\n<div class=\"wpb_text_column wpb_content_element\" >\n\t<div class=\"wpb_wrapper\">\n\t\t<p>Il y aura <strong>deux s\u00e9ries de gagnants; <\/strong>Les essais et les vid\u00e9os seront jug\u00e9s s\u00e9par\u00e9ment.<\/p>\n<p>1\u00e8re place essai et vid\u00e9o : $750<\/p>\n<p>2e place essai et vid\u00e9o : $500<\/p>\n<p>3\u00e8me place essai et vid\u00e9o : $250<\/p>\n\t<\/div>\n<\/div>\n\n\n\n\n\t\t\t<\/div> \n\t\t<\/div>\n\t<\/div> \n\n\t<div style=\" color: #ffffff;\" class=\"vc_col-sm-4 wpb_column column_container vc_column_container col centered-text padding-4-percent inherit_tablet inherit_phone\" data-cfc=\"true\" data-using-bg=\"true\" data-border-radius=\"15px\" data-padding-pos=\"all\" data-has-bg-color=\"true\" data-bg-color=\"#4b94b3\" data-bg-opacity=\"1\" data-animation=\"\" data-delay=\"0\" >\n\t\t<div class=\"vc_column-inner\" ><div class=\"column-bg-overlay-wrap column-bg-layer\" data-bg-animation=\"none\"><div class=\"column-bg-overlay\" style=\"opacity: 1; background-color: #4b94b3;\"><\/div><\/div>\n\t\t\t<div class=\"wpb_wrapper\">\n\t\t\t\t<h2 style=\"font-size: 50px;color: #ffffff;text-align: center\" class=\"vc_custom_heading vc_do_custom_heading\" >Le Concours Bernard Chernos 2025-2026 est d\u00e9sormais ouvert !<\/h2><div class=\"divider-wrap\" data-alignment=\"default\"><div style=\"height: 20px;\" class=\"divider\"><\/div><\/div>\n<div class=\"wpb_text_column wpb_content_element\" >\n\t<div class=\"wpb_wrapper\">\n\t\t<p>Merci de votre int\u00e9r\u00eat et de votre participation au concours de r\u00e9daction\/vid\u00e9o du lyc\u00e9e Bernard Chernos.<\/p>\n<p><strong>Voir ci-dessous les gagnants 2025 !<\/strong><\/p>\n\t<\/div>\n<\/div>\n\n\n\n<a class=\"nectar-button large regular accent-color  regular-button\"  role=\"button\" style=\"\"  href=\"https:\/\/cclet.org\/fr\/contests\/chernos-2024\/\" data-color-override=\"false\" data-hover-color-override=\"false\" data-hover-text-color-override=\"#fff\"><span>Cliquez ICI pour participer et pour tous les d\u00e9tails du concours\u00a0!<\/span><\/a>\n\t\t\t<\/div> \n\t\t<\/div>\n\t<\/div> \n<\/div><\/div>\n\t\t<div id=\"fws_69d8637f99364\"  data-column-margin=\"default\" data-midnight=\"light\"  class=\"wpb_row vc_row-fluid vc_row full-width-section vc_row-o-equal-height vc_row-flex vc_row-o-content-middle\"  style=\"padding-top: 80px; padding-bottom: 80px; \"><div class=\"row-bg-wrap\" data-bg-animation=\"none\" data-bg-animation-delay=\"\" data-bg-overlay=\"false\"><div class=\"inner-wrap row-bg-layer using-image\" ><div class=\"row-bg viewport-desktop using-image using-bg-color\"  style=\"background-image: url(https:\/\/cclet.org\/wp-content\/uploads\/2021\/04\/black-board-background.jpg); background-position: left top; background-repeat: no-repeat; background-color: #4b94b3; \"><\/div><\/div><\/div><div class=\"row_col_wrap_12 col span_12 light left\">\n\t<div  class=\"vc_col-sm-4 wpb_column column_container vc_column_container col no-extra-padding force-tablet-text-align-center force-phone-text-align-center inherit_tablet inherit_phone\"  data-border-radius=\"15px\" data-border-animation=\"\" data-border-animation-delay=\"\" data-border-width=\"3px\" data-border-style=\"solid\" data-border-color=\"#ffffff\" data-padding-pos=\"all\" data-has-bg-color=\"false\" data-bg-color=\"\" data-bg-opacity=\"1\" data-animation=\"\" data-delay=\"0\" >\n\t\t<div class=\"vc_column-inner\" style=\"border: 3px solid #ffffff;\">\n\t\t\t<div class=\"wpb_wrapper\">\n\t\t\t\t<div class=\"img-with-aniamtion-wrap\" data-max-width=\"100%\" data-max-width-mobile=\"default\" data-border-radius=\"15px\" data-shadow=\"none\" data-animation=\"none\" >\n      <div class=\"inner\">\n        <div class=\"hover-wrap\"> \n          <div class=\"hover-wrap-inner\">\n            <img loading=\"lazy\" decoding=\"async\" class=\"img-with-animation skip-lazy\" data-delay=\"0\" height=\"1023\" width=\"774\" data-animation=\"none\" src=\"https:\/\/cclet.org\/wp-content\/uploads\/2021\/05\/Image-Bernard_Chernos-e1621895117399.jpg\" alt=\"\" srcset=\"https:\/\/cclet.org\/wp-content\/uploads\/2021\/05\/Image-Bernard_Chernos-e1621895117399.jpg 774w, https:\/\/cclet.org\/wp-content\/uploads\/2021\/05\/Image-Bernard_Chernos-e1621895117399-227x300.jpg 227w, https:\/\/cclet.org\/wp-content\/uploads\/2021\/05\/Image-Bernard_Chernos-e1621895117399-768x1015.jpg 768w\" sizes=\"auto, (max-width: 774px) 100vw, 774px\" \/>\n          <\/div>\n        <\/div>\n      <\/div>\n    <\/div>\n\t\t\t<\/div> \n\t\t<\/div>\n\t<\/div> \n\n\t<div  class=\"vc_col-sm-8 wpb_column column_container vc_column_container col padding-4-percent force-tablet-text-align-center force-phone-text-align-center inherit_tablet inherit_phone\"  data-border-radius=\"15px\" data-padding-pos=\"all\" data-has-bg-color=\"false\" data-bg-color=\"\" data-bg-opacity=\"1\" data-animation=\"\" data-delay=\"0\" >\n\t\t<div class=\"vc_column-inner\" >\n\t\t\t<div class=\"wpb_wrapper\">\n\t\t\t\t<h2 style=\"color: #ffffff;text-align: left\" class=\"vc_custom_heading vc_do_custom_heading\" >\u00c0 propos de Bernard Chernos<\/h2>\n<div class=\"wpb_text_column wpb_content_element  vc_custom_1622399623023\" >\n\t<div class=\"wpb_wrapper\">\n\t\t<p>Bernard Chernos \u00e9tait un libertaire civil, avocat et amateur de d\u00e9bats anim\u00e9s. Il a obtenu son dipl\u00f4me de la facult\u00e9 de droit de l&#039;Universit\u00e9 de Toronto en tant que m\u00e9daill\u00e9 d&#039;or en 1957. En plus de 40 ans de pratique, M. Chernos n&#039;a jamais perdu sa passion pour l&#039;aspect acad\u00e9mique du droit.<\/p>\n<p>Ce concours a \u00e9t\u00e9 g\u00e9n\u00e9reusement financ\u00e9 par la famille Chernos \u00e0 la m\u00e9moire du grand Bernard Chernos.<\/p>\n\t<\/div>\n<\/div>\n\n\n\n\n\t\t\t<\/div> \n\t\t<\/div>\n\t<\/div> \n<\/div><\/div>\n\t\t<div id=\"fws_69d8637f9acfb\"  data-column-margin=\"default\" data-midnight=\"light\" data-top-percent=\"5%\" data-bottom-percent=\"5%\"  class=\"wpb_row vc_row-fluid vc_row full-width-section\"  style=\"padding-top: calc(100vw * 0.05); padding-bottom: calc(100vw * 0.05); \"><div class=\"row-bg-wrap\" data-bg-animation=\"none\" data-bg-animation-delay=\"\" data-bg-overlay=\"false\"><div class=\"inner-wrap row-bg-layer\" ><div class=\"row-bg viewport-desktop using-bg-color\"  style=\"background-color: #00459b; \"><\/div><\/div><\/div><div class=\"row_col_wrap_12 col span_12 light center\">\n\t<div  class=\"vc_col-sm-12 wpb_column column_container vc_column_container col no-extra-padding inherit_tablet inherit_phone\"  data-border-radius=\"15px\" data-padding-pos=\"all\" data-has-bg-color=\"false\" data-bg-color=\"\" data-bg-opacity=\"1\" data-animation=\"\" data-delay=\"0\" >\n\t\t<div class=\"vc_column-inner\" >\n\t\t\t<div class=\"wpb_wrapper\">\n\t\t\t\t<h2 style=\"color: #ffffff;text-align: center\" class=\"vc_custom_heading vc_do_custom_heading\" >F\u00e9licitations aux gagnants du Concours Bernard Chernos 2025 !<\/h2><div class=\"divider-wrap\" data-alignment=\"default\"><div style=\"height: 30px;\" class=\"divider\"><\/div><\/div><div id=\"fws_69d8637f9b79b\" data-midnight=\"\" data-column-margin=\"default\" class=\"wpb_row vc_row-fluid vc_row inner_row\"  style=\"\"><div class=\"row-bg-wrap\"> <div class=\"row-bg\" ><\/div> <\/div><div class=\"row_col_wrap_12_inner col span_12  center\">\n\t<div style=\" color: #ffffff;\" class=\"vc_col-sm-4 wpb_column column_container vc_column_container col child_column centered-text padding-2-percent inherit_tablet inherit_phone\" data-cfc=\"true\"  data-border-radius=\"15px\" data-border-animation=\"\" data-border-animation-delay=\"\" data-border-width=\"2px\" data-border-style=\"solid\" data-border-color=\"#4b94b3\" data-padding-pos=\"all\" data-has-bg-color=\"false\" data-bg-color=\"\" data-bg-opacity=\"1\" data-animation=\"\" data-delay=\"0\" >\n\t\t<div class=\"vc_column-inner\" style=\"border: 2px solid #4b94b3;\">\n\t\t<div class=\"wpb_wrapper\">\n\t\t\t<div class=\"divider-wrap\" data-alignment=\"default\"><div style=\"height: 10px;\" class=\"divider\"><\/div><\/div><h3 style=\"color: #ffffff;text-align: center\" class=\"vc_custom_heading vc_do_custom_heading\" >1\u00e8re place<\/h3>\n<div class=\"wpb_text_column wpb_content_element\" >\n\t<div class=\"wpb_wrapper\">\n\t\t<p><strong>Essai : Sophie Liu (Vancouver, C.-B.)<\/strong><\/p>\n<p><strong>Vid\u00e9o\u00a0: Madilyn Miller (Toronto, ON)<\/strong><\/p>\n\t<\/div>\n<\/div>\n\n\n\n\n\t\t<\/div> \n\t<\/div>\n\t<\/div> \n\n\t<div style=\" color: #ffffff;\" class=\"vc_col-sm-4 wpb_column column_container vc_column_container col child_column centered-text padding-2-percent inherit_tablet inherit_phone\" data-cfc=\"true\"  data-border-radius=\"15px\" data-border-animation=\"\" data-border-animation-delay=\"\" data-border-width=\"2px\" data-border-style=\"solid\" data-border-color=\"#4b94b3\" data-padding-pos=\"all\" data-has-bg-color=\"false\" data-bg-color=\"\" data-bg-opacity=\"1\" data-animation=\"\" data-delay=\"0\" >\n\t\t<div class=\"vc_column-inner\" style=\"border: 2px solid #4b94b3;\">\n\t\t<div class=\"wpb_wrapper\">\n\t\t\t<div class=\"divider-wrap\" data-alignment=\"default\"><div style=\"height: 10px;\" class=\"divider\"><\/div><\/div><h3 style=\"color: #ffffff;text-align: center\" class=\"vc_custom_heading vc_do_custom_heading\" >2\u00e8me place<\/h3>\n<div class=\"wpb_text_column wpb_content_element\" >\n\t<div class=\"wpb_wrapper\">\n\t\t<p><strong>Essai\u00a0: Lhyzz Carpizo (Scarborough, ON)<\/strong><\/p>\n<p><strong>Vid\u00e9o\u00a0: Owen Fang et Noah Yang (Coquitlam, Colombie-Britannique)<\/strong><\/p>\n\t<\/div>\n<\/div>\n\n\n\n\n\t\t<\/div> \n\t<\/div>\n\t<\/div> \n\n\t<div style=\" color: #ffffff;\" class=\"vc_col-sm-4 wpb_column column_container vc_column_container col child_column centered-text padding-2-percent inherit_tablet inherit_phone\" data-cfc=\"true\"  data-border-radius=\"15px\" data-border-animation=\"\" data-border-animation-delay=\"\" data-border-width=\"2px\" data-border-style=\"solid\" data-border-color=\"#4b94b3\" data-padding-pos=\"all\" data-has-bg-color=\"false\" data-bg-color=\"\" data-bg-opacity=\"1\" data-animation=\"\" data-delay=\"0\" >\n\t\t<div class=\"vc_column-inner\" style=\"border: 2px solid #4b94b3;\">\n\t\t<div class=\"wpb_wrapper\">\n\t\t\t<div class=\"divider-wrap\" data-alignment=\"default\"><div style=\"height: 10px;\" class=\"divider\"><\/div><\/div><h3 style=\"color: #ffffff;text-align: center\" class=\"vc_custom_heading vc_do_custom_heading\" >3\u00e8me place<\/h3>\n<div class=\"wpb_text_column wpb_content_element\" >\n\t<div class=\"wpb_wrapper\">\n\t\t<p><strong>Essai : John Karakoulas (North York, ON)<\/strong><\/p>\n<p><strong>Vid\u00e9o\u00a0: Samiha Nasreen (East York, ON)<\/strong><\/p>\n\t<\/div>\n<\/div>\n\n\n\n\n\t\t<\/div> \n\t<\/div>\n\t<\/div> \n<\/div><\/div><div id=\"fws_69d8637f9d131\" data-midnight=\"\" data-column-margin=\"default\" class=\"wpb_row vc_row-fluid vc_row inner_row\"  style=\"\"><div class=\"row-bg-wrap\"> <div class=\"row-bg\" ><\/div> <\/div><div class=\"row_col_wrap_12_inner col span_12  center\">\n\t<div style=\" color: #ffffff;\" class=\"vc_col-sm-6 wpb_column column_container vc_column_container col child_column centered-text padding-2-percent inherit_tablet inherit_phone\" data-cfc=\"true\"  data-border-radius=\"15px\" data-border-animation=\"\" data-border-animation-delay=\"\" data-border-width=\"2px\" data-border-style=\"solid\" data-border-color=\"#4b94b3\" data-padding-pos=\"all\" data-has-bg-color=\"false\" data-bg-color=\"\" data-bg-opacity=\"1\" data-animation=\"\" data-delay=\"0\" >\n\t\t<div class=\"vc_column-inner\" style=\"border: 2px solid #4b94b3;\">\n\t\t<div class=\"wpb_wrapper\">\n\t\t\t<div class=\"divider-wrap\" data-alignment=\"default\"><div style=\"height: 10px;\" class=\"divider\"><\/div><\/div><h3 style=\"color: #ffffff;text-align: center\" class=\"vc_custom_heading vc_do_custom_heading\" >Mention honorable<\/h3>\n<div class=\"wpb_text_column wpb_content_element\" >\n\t<div class=\"wpb_wrapper\">\n\t\t<p><b data-stringify-type=\"bold\">Essai : Jia Ming (Jason) Zhang (Vancouver, C.-B.)<\/b><\/p>\n<p><b data-stringify-type=\"bold\">Vid\u00e9o : Maria Martins (Toronto, ON)<\/b><\/p>\n\t<\/div>\n<\/div>\n\n\n\n\n\t\t<\/div> \n\t<\/div>\n\t<\/div> \n\n\t<div style=\" color: #ffffff;\" class=\"vc_col-sm-6 wpb_column column_container vc_column_container col child_column centered-text padding-2-percent inherit_tablet inherit_phone\" data-cfc=\"true\"  data-border-radius=\"15px\" data-border-animation=\"\" data-border-animation-delay=\"\" data-border-width=\"2px\" data-border-style=\"solid\" data-border-color=\"#4b94b3\" data-padding-pos=\"all\" data-has-bg-color=\"false\" data-bg-color=\"\" data-bg-opacity=\"1\" data-animation=\"\" data-delay=\"0\" >\n\t\t<div class=\"vc_column-inner\" style=\"border: 2px solid #4b94b3;\">\n\t\t<div class=\"wpb_wrapper\">\n\t\t\t<div class=\"divider-wrap\" data-alignment=\"default\"><div style=\"height: 10px;\" class=\"divider\"><\/div><\/div><h3 style=\"color: #ffffff;text-align: center\" class=\"vc_custom_heading vc_do_custom_heading\" >Mention honorable<\/h3>\n<div class=\"wpb_text_column wpb_content_element\" >\n\t<div class=\"wpb_wrapper\">\n\t\t<p><b data-stringify-type=\"bold\">Essai : J\u00e9on Brar (Mississauga, ON)<\/b><\/p>\n<p><b data-stringify-type=\"bold\">Vid\u00e9o : Matthew Mucci (Toronto, ON)<\/b><\/p>\n\t<\/div>\n<\/div>\n\n\n\n\n\t\t<\/div> \n\t<\/div>\n\t<\/div> \n<\/div><\/div>\n\t\t\t<\/div> \n\t\t<\/div>\n\t<\/div> \n<\/div><\/div>","protected":false},"excerpt":{"rendered":"Le concours Bernard Chernos. Chaque ann\u00e9e, le CCLET organise un concours national de dissertations et de vid\u00e9os destin\u00e9 aux lyc\u00e9ens afin de comm\u00e9morer l&#039;\u0153uvre de Bernard Chernos. Les travaux des \u00e9l\u00e8ves abordent des questions d&#039;actualit\u00e9 et cruciales en mati\u00e8re de libert\u00e9s civiles\u2026","protected":false},"author":1,"featured_media":1030,"parent":0,"menu_order":0,"comment_status":"closed","ping_status":"closed","template":"","meta":{"footnotes":""},"class_list":["post-508","page","type-page","status-publish","has-post-thumbnail"],"yoast_head":"<!-- This site is optimized with the Yoast SEO plugin v25.8 - https:\/\/yoast.com\/wordpress\/plugins\/seo\/ -->\n<title>Contests - Canadian Civil Liberties Education Trust<\/title>\n<meta name=\"robots\" content=\"index, follow, max-snippet:-1, max-image-preview:large, max-video-preview:-1\" \/>\n<link rel=\"canonical\" href=\"https:\/\/cclet.org\/fr\/contests\/\" \/>\n<meta property=\"og:locale\" content=\"fr_CA\" \/>\n<meta property=\"og:type\" content=\"article\" \/>\n<meta property=\"og:title\" content=\"Contests - Canadian Civil Liberties Education Trust\" \/>\n<meta property=\"og:url\" content=\"https:\/\/cclet.org\/fr\/contests\/\" \/>\n<meta property=\"og:site_name\" content=\"Canadian Civil Liberties Education Trust\" \/>\n<meta property=\"article:modified_time\" content=\"2025-10-16T18:20:12+00:00\" \/>\n<meta property=\"og:image\" content=\"https:\/\/cclet.org\/wp-content\/uploads\/2021\/07\/banner5-scaled.jpg\" \/>\n\t<meta property=\"og:image:width\" content=\"2560\" \/>\n\t<meta property=\"og:image:height\" content=\"888\" \/>\n\t<meta property=\"og:image:type\" content=\"image\/jpeg\" \/>\n<meta name=\"twitter:card\" content=\"summary_large_image\" \/>\n<meta name=\"twitter:label1\" content=\"Estimation du temps de lecture\" \/>\n\t<meta name=\"twitter:data1\" content=\"5 minutes\" \/>\n<script type=\"application\/ld+json\" class=\"yoast-schema-graph\">{\"@context\":\"https:\/\/schema.org\",\"@graph\":[{\"@type\":\"WebPage\",\"@id\":\"https:\/\/cclet.org\/contests\/\",\"url\":\"https:\/\/cclet.org\/contests\/\",\"name\":\"Contests - Canadian Civil Liberties Education Trust\",\"isPartOf\":{\"@id\":\"https:\/\/cclet.org\/#website\"},\"primaryImageOfPage\":{\"@id\":\"https:\/\/cclet.org\/contests\/#primaryimage\"},\"image\":{\"@id\":\"https:\/\/cclet.org\/contests\/#primaryimage\"},\"thumbnailUrl\":\"https:\/\/cclet.org\/wp-content\/uploads\/2021\/07\/banner5-scaled.jpg\",\"datePublished\":\"2021-05-24T22:20:16+00:00\",\"dateModified\":\"2025-10-16T18:20:12+00:00\",\"breadcrumb\":{\"@id\":\"https:\/\/cclet.org\/contests\/#breadcrumb\"},\"inLanguage\":\"fr-CA\",\"potentialAction\":[{\"@type\":\"ReadAction\",\"target\":[\"https:\/\/cclet.org\/contests\/\"]}]},{\"@type\":\"ImageObject\",\"inLanguage\":\"fr-CA\",\"@id\":\"https:\/\/cclet.org\/contests\/#primaryimage\",\"url\":\"https:\/\/cclet.org\/wp-content\/uploads\/2021\/07\/banner5-scaled.jpg\",\"contentUrl\":\"https:\/\/cclet.org\/wp-content\/uploads\/2021\/07\/banner5-scaled.jpg\",\"width\":2560,\"height\":888},{\"@type\":\"BreadcrumbList\",\"@id\":\"https:\/\/cclet.org\/contests\/#breadcrumb\",\"itemListElement\":[{\"@type\":\"ListItem\",\"position\":1,\"name\":\"Home\",\"item\":\"https:\/\/cclet.org\/\"},{\"@type\":\"ListItem\",\"position\":2,\"name\":\"Contests\"}]},{\"@type\":\"WebSite\",\"@id\":\"https:\/\/cclet.org\/#website\",\"url\":\"https:\/\/cclet.org\/\",\"name\":\"Canadian Civil Liberties Education Trust\",\"description\":\"CCLET is a non-profit research and public educational organization created by the CCLA.\",\"potentialAction\":[{\"@type\":\"SearchAction\",\"target\":{\"@type\":\"EntryPoint\",\"urlTemplate\":\"https:\/\/cclet.org\/?s={search_term_string}\"},\"query-input\":{\"@type\":\"PropertyValueSpecification\",\"valueRequired\":true,\"valueName\":\"search_term_string\"}}],\"inLanguage\":\"fr-CA\"}]}<\/script>\n<!-- \/ Yoast SEO plugin. -->","yoast_head_json":{"title":"Contests - Canadian Civil Liberties Education Trust","robots":{"index":"index","follow":"follow","max-snippet":"max-snippet:-1","max-image-preview":"max-image-preview:large","max-video-preview":"max-video-preview:-1"},"canonical":"https:\/\/cclet.org\/fr\/contests\/","og_locale":"fr_CA","og_type":"article","og_title":"Contests - Canadian Civil Liberties Education Trust","og_url":"https:\/\/cclet.org\/fr\/contests\/","og_site_name":"Canadian Civil Liberties Education Trust","article_modified_time":"2025-10-16T18:20:12+00:00","og_image":[{"width":2560,"height":888,"url":"https:\/\/cclet.org\/wp-content\/uploads\/2021\/07\/banner5-scaled.jpg","type":"image\/jpeg"}],"twitter_card":"summary_large_image","twitter_misc":{"Estimation du temps de lecture":"5 minutes"},"schema":{"@context":"https:\/\/schema.org","@graph":[{"@type":"WebPage","@id":"https:\/\/cclet.org\/contests\/","url":"https:\/\/cclet.org\/contests\/","name":"Contests - Canadian Civil Liberties Education Trust","isPartOf":{"@id":"https:\/\/cclet.org\/#website"},"primaryImageOfPage":{"@id":"https:\/\/cclet.org\/contests\/#primaryimage"},"image":{"@id":"https:\/\/cclet.org\/contests\/#primaryimage"},"thumbnailUrl":"https:\/\/cclet.org\/wp-content\/uploads\/2021\/07\/banner5-scaled.jpg","datePublished":"2021-05-24T22:20:16+00:00","dateModified":"2025-10-16T18:20:12+00:00","breadcrumb":{"@id":"https:\/\/cclet.org\/contests\/#breadcrumb"},"inLanguage":"fr-CA","potentialAction":[{"@type":"ReadAction","target":["https:\/\/cclet.org\/contests\/"]}]},{"@type":"ImageObject","inLanguage":"fr-CA","@id":"https:\/\/cclet.org\/contests\/#primaryimage","url":"https:\/\/cclet.org\/wp-content\/uploads\/2021\/07\/banner5-scaled.jpg","contentUrl":"https:\/\/cclet.org\/wp-content\/uploads\/2021\/07\/banner5-scaled.jpg","width":2560,"height":888},{"@type":"BreadcrumbList","@id":"https:\/\/cclet.org\/contests\/#breadcrumb","itemListElement":[{"@type":"ListItem","position":1,"name":"Home","item":"https:\/\/cclet.org\/"},{"@type":"ListItem","position":2,"name":"Contests"}]},{"@type":"WebSite","@id":"https:\/\/cclet.org\/#website","url":"https:\/\/cclet.org\/","name":"Canadian Civil Liberties Education Trust","description":"CCLET is a non-profit research and public educational organization created by the CCLA.","potentialAction":[{"@type":"SearchAction","target":{"@type":"EntryPoint","urlTemplate":"https:\/\/cclet.org\/?s={search_term_string}"},"query-input":{"@type":"PropertyValueSpecification","valueRequired":true,"valueName":"search_term_string"}}],"inLanguage":"fr-CA"}]}},"_links":{"self":[{"href":"https:\/\/cclet.org\/fr\/wp-json\/wp\/v2\/pages\/508","targetHints":{"allow":["GET"]}}],"collection":[{"href":"https:\/\/cclet.org\/fr\/wp-json\/wp\/v2\/pages"}],"about":[{"href":"https:\/\/cclet.org\/fr\/wp-json\/wp\/v2\/types\/page"}],"author":[{"embeddable":true,"href":"https:\/\/cclet.org\/fr\/wp-json\/wp\/v2\/users\/1"}],"replies":[{"embeddable":true,"href":"https:\/\/cclet.org\/fr\/wp-json\/wp\/v2\/comments?post=508"}],"version-history":[{"count":131,"href":"https:\/\/cclet.org\/fr\/wp-json\/wp\/v2\/pages\/508\/revisions"}],"predecessor-version":[{"id":3018,"href":"https:\/\/cclet.org\/fr\/wp-json\/wp\/v2\/pages\/508\/revisions\/3018"}],"wp:featuredmedia":[{"embeddable":true,"href":"https:\/\/cclet.org\/fr\/wp-json\/wp\/v2\/media\/1030"}],"wp:attachment":[{"href":"https:\/\/cclet.org\/fr\/wp-json\/wp\/v2\/media?parent=508"}],"curies":[{"name":"wp","href":"https:\/\/api.w.org\/{rel}","templated":true}]}}