{"id":624,"date":"2021-05-27T16:34:35","date_gmt":"2021-05-27T20:34:35","guid":{"rendered":"https:\/\/cclet.org\/?page_id=624"},"modified":"2021-08-02T13:19:58","modified_gmt":"2021-08-02T17:19:58","slug":"about-us","status":"publish","type":"page","link":"https:\/\/cclet.org\/fr\/about-us\/","title":{"rendered":"\u00c0 propos de nous"},"content":{"rendered":"<div id=\"fws_69d0c684e6362\"  data-column-margin=\"default\" data-midnight=\"dark\"  class=\"wpb_row vc_row-fluid vc_row full-width-content vc_row-o-equal-height vc_row-flex vc_row-o-content-middle\"  style=\"padding-top: 0px; padding-bottom: 0px; \"><div class=\"row-bg-wrap\" data-bg-animation=\"none\" data-bg-animation-delay=\"\" data-bg-overlay=\"false\"><div class=\"inner-wrap row-bg-layer using-image\" ><div class=\"row-bg viewport-desktop using-image using-bg-color\"  style=\"background-image: url(https:\/\/cclet.org\/wp-content\/uploads\/2021\/05\/group-of-school-kids-raising-hands-in-classroom-PF36XQ9.jpg); background-position: center center; background-repeat: no-repeat; background-color: #ffffff; \"><\/div><\/div><\/div><div class=\"row_col_wrap_12 col span_12 dark left\">\n\t<div  class=\"vc_col-sm-5 wpb_column column_container vc_column_container col padding-10-percent inherit_tablet inherit_phone\"  data-padding-pos=\"top-bottom\" data-has-bg-color=\"false\" data-bg-color=\"\" data-bg-opacity=\"1\" data-animation=\"\" data-delay=\"0\" >\n\t\t<div class=\"vc_column-inner\" >\n\t\t\t<div class=\"wpb_wrapper\">\n\t\t\t\t<div class=\"divider-wrap\" data-alignment=\"default\"><div style=\"height: 150px;\" class=\"divider\"><\/div><\/div>\n\t\t\t<\/div> \n\t\t<\/div>\n\t<\/div> \n\n\t<div  class=\"vc_col-sm-7 wpb_column column_container vc_column_container col no-extra-padding inherit_tablet inherit_phone\"  data-padding-pos=\"left-right\" data-has-bg-color=\"false\" data-bg-color=\"\" data-bg-opacity=\"1\" data-animation=\"\" data-delay=\"0\" >\n\t\t<div class=\"vc_column-inner\" >\n\t\t\t<div class=\"wpb_wrapper\">\n\t\t\t\t<div id=\"fws_69d0c684e72dc\" data-midnight=\"\" data-column-margin=\"default\" class=\"wpb_row vc_row-fluid vc_row inner_row\"  style=\"\"><div class=\"row-bg-wrap\"> <div class=\"row-bg\" ><\/div> <\/div><div class=\"row_col_wrap_12_inner col span_12  left\">\n\t<div style=\"\" class=\"vc_col-sm-12 wpb_column column_container vc_column_container col child_column padding-8-percent inherit_tablet inherit_phone\"  data-using-bg=\"true\" data-padding-pos=\"all\" data-has-bg-color=\"true\" data-bg-color=\"#00459b\" data-bg-opacity=\"1\" data-animation=\"\" data-delay=\"0\" >\n\t\t<div class=\"vc_column-inner\" ><div class=\"column-bg-overlay-wrap column-bg-layer\" data-bg-animation=\"none\"><div class=\"column-bg-overlay\" style=\"opacity: 1; background-color: #00459b;\"><\/div><\/div>\n\t\t<div class=\"wpb_wrapper\">\n\t\t\t<h1 style=\"color: #ffffff;text-align: left\" class=\"vc_custom_heading vc_do_custom_heading h1-shadow\" >\u00c0 propos de CCLET<\/h1>\n\t\t<\/div> \n\t<\/div>\n\t<\/div> \n<\/div><\/div>\n\t\t\t<\/div> \n\t\t<\/div>\n\t<\/div> \n<\/div><\/div>\n\t\t<div id=\"fws_69d0c684e800d\"  data-column-margin=\"default\" data-midnight=\"dark\" data-top-percent=\"3%\" data-bottom-percent=\"1%\"  class=\"wpb_row vc_row-fluid vc_row full-width-section vc_row-o-equal-height vc_row-flex vc_row-o-content-top\"  style=\"padding-top: calc(100vw * 0.03); padding-bottom: calc(100vw * 0.01); \"><div class=\"row-bg-wrap\" data-bg-animation=\"none\" data-bg-animation-delay=\"\" data-bg-overlay=\"false\"><div class=\"inner-wrap row-bg-layer\" ><div class=\"row-bg viewport-desktop\"  style=\"\"><\/div><\/div><\/div><div class=\"row_col_wrap_12 col span_12 dark left\">\n\t<div  class=\"vc_col-sm-8 wpb_column column_container vc_column_container col no-extra-padding inherit_tablet inherit_phone\"  data-padding-pos=\"all\" data-has-bg-color=\"false\" data-bg-color=\"\" data-bg-opacity=\"1\" data-animation=\"\" data-delay=\"0\" >\n\t\t<div class=\"vc_column-inner\" >\n\t\t\t<div class=\"wpb_wrapper\">\n\t\t\t\t\n<div class=\"wpb_text_column wpb_content_element\" >\n\t<div class=\"wpb_wrapper\">\n\t\t<p>La Fiducie canadienne pour l&#039;\u00e9ducation pour les libert\u00e9s civiles (CCLET) est un organisme de recherche et d&#039;\u00e9ducation publique \u00e0 but non lucratif cr\u00e9\u00e9 en 1967 par l&#039;Association canadienne des libert\u00e9s civiles (ACLC).<span data-ccp-props=\"{&quot;201341983&quot;:0,&quot;335559739&quot;:0,&quot;335559740&quot;:240}\">\u00a0<\/span><\/p>\n<p><span data-ccp-props=\"{&quot;201341983&quot;:0,&quot;335559739&quot;:0,&quot;335559740&quot;:240}\">\u00a0<\/span><span data-contrast=\"auto\">L&#039;ACLC est une organisation nationale non gouvernementale \u00e0 but non lucratif qui \u0153uvre \u00e0 la protection et \u00e0 la promotion des droits et libert\u00e9s devant les tribunaux, dans la communaut\u00e9 et dans les \u00e9coles. Ensemble, l&#039;ACLC et le CCLET d\u00e9fendent la libert\u00e9, l&#039;\u00e9quit\u00e9 et un avenir meilleur pour tous les Canadiens.<\/span><span data-ccp-props=\"{&quot;201341983&quot;:0,&quot;335559739&quot;:0,&quot;335559740&quot;:240}\">\u00a0<\/span><\/p>\n<p><span data-contrast=\"auto\">CCLET soutient la conviction que ceux qui comprennent et pensent de mani\u00e8re critique leurs droits et responsabilit\u00e9s sont mieux pr\u00e9par\u00e9s \u00e0 vivre en tant que citoyens du monde. Nos programmes encouragent les apprenants \u00e0 s&#039;engager et \u00e0 r\u00e9fl\u00e9chir de mani\u00e8re critique sur diverses perspectives, afin qu&#039;ils puissent participer activement \u00e0 nos processus d\u00e9mocratiques - et faire du Canada un endroit meilleur et plus inclusif pour tous.<\/span><span data-ccp-props=\"{&quot;201341983&quot;:0,&quot;335559739&quot;:0,&quot;335559740&quot;:240}\">\u00a0<\/span><\/p>\n\t<\/div>\n<\/div>\n\n\n\n\n\t\t\t<\/div> \n\t\t<\/div>\n\t<\/div> \n\n\t<div  class=\"vc_col-sm-4 wpb_column column_container vc_column_container col padding-4-percent inherit_tablet inherit_phone\"  data-padding-pos=\"left-right\" data-has-bg-color=\"false\" data-bg-color=\"\" data-bg-opacity=\"1\" data-animation=\"\" data-delay=\"0\" >\n\t\t<div class=\"vc_column-inner\" >\n\t\t\t<div class=\"wpb_wrapper\">\n\t\t\t\t<blockquote class=\"nectar_single_testimonial\" data-color=\"\" data-style=\"basic\"><div class=\"inner\"data-custom-color=\"true\" style=\"color: #00459b;\"> <p>\u00ab\u00a0Envisagez une salle de classe o\u00f9 les \u00e9l\u00e8ves tremblent litt\u00e9ralement sur leurs si\u00e8ges pour examiner les d\u00e9bats sur la Charte qui se d\u00e9roulent dans les tribunaux canadiens, et c&#039;est ce que CCLET a cr\u00e9\u00e9 dans ma classe.\u00a0\u00bb <\/p><span class=\"wrap\"><span>Prof<\/span><span class=\"title\">\u00c9cole secondaire Stephen Lewis<\/span><\/span><\/div><\/blockquote>\n\t\t\t<\/div> \n\t\t<\/div>\n\t<\/div> \n<\/div><\/div>\n\t\t<div id=\"fws_69d0c684e912e\"  data-column-margin=\"default\" data-midnight=\"dark\" data-bottom-percent=\"3%\"  class=\"wpb_row vc_row-fluid vc_row full-width-section vc_row-o-equal-height vc_row-flex vc_row-o-content-top\"  style=\"padding-top: 0px; padding-bottom: calc(100vw * 0.03); \"><div class=\"row-bg-wrap\" data-bg-animation=\"none\" data-bg-animation-delay=\"\" data-bg-overlay=\"false\"><div class=\"inner-wrap row-bg-layer\" ><div class=\"row-bg viewport-desktop\"  style=\"\"><\/div><\/div><\/div><div class=\"row_col_wrap_12 col span_12 dark left\">\n\t<div  class=\"vc_col-sm-12 wpb_column column_container vc_column_container col no-extra-padding inherit_tablet inherit_phone\"  data-padding-pos=\"all\" data-has-bg-color=\"false\" data-bg-color=\"\" data-bg-opacity=\"1\" data-animation=\"\" data-delay=\"0\" >\n\t\t<div class=\"vc_column-inner\" >\n\t\t\t<div class=\"wpb_wrapper\">\n\t\t\t\t<h2 style=\"color: #00459b;text-align: left\" class=\"vc_custom_heading vc_do_custom_heading\" >Notre approche<\/h2><div class=\"divider-wrap\" data-alignment=\"default\"><div style=\"height: 20px;\" class=\"divider\"><\/div><\/div>\n<div class=\"wpb_text_column wpb_content_element\" >\n\t<div class=\"wpb_wrapper\">\n\t\t<p>Nous pensons que d\u00e8s que vous avez la capacit\u00e9 de dire \u00ab ce n&#039;est pas juste \u00bb, vous pouvez vous engager dans une r\u00e9flexion critique sur les droits et les responsabilit\u00e9s. Nous offrons une gamme de programmes \u00e9ducatifs accessibles con\u00e7us pour les \u00e9l\u00e8ves d\u00e8s l&#039;\u00e2ge de 5 ans aux apprenants adultes qui souhaitent approfondir leur compr\u00e9hension des droits et libert\u00e9s auxquels nous avons tous droit dans une d\u00e9mocratie.\u00a0\u00a0<span data-ccp-props=\"{&quot;201341983&quot;:0,&quot;335559739&quot;:0,&quot;335559740&quot;:240}\">\u00a0<\/span><\/p>\n<p><span data-contrast=\"auto\">Les ressources et les programmes du CCLET explorent les enjeux actuels et historiques de la justice sociale et posent des questions qui n&#039;ont pas de r\u00e9ponses simples. D\u00e9velopp\u00e9s par des enseignants, des universitaires et des avocats, les programmes d&#039;\u00e9ducation de CCLET soutiennent et r\u00e9pondent aux attentes des programmes d&#039;\u00e9tudes provinciaux dans de nombreux domaines, notamment les \u00e9tudes sociales, l&#039;anglais, la politique, l&#039;histoire, l&#039;\u00e9ducation civique, le droit, les arts du langage et l&#039;\u00e9ducation aux m\u00e9dias.<\/span><span data-ccp-props=\"{&quot;201341983&quot;:0,&quot;335559739&quot;:0,&quot;335559740&quot;:240}\">\u00a0<\/span><\/p>\n<p><span data-contrast=\"auto\">Nos d\u00e9cennies d&#039;exp\u00e9rience ont valu \u00e0 CCLET une r\u00e9putation d&#039;excellence dans la fourniture d&#039;une \u00e9ducation \u00e9quilibr\u00e9e et accessible aux libert\u00e9s civiles. Plut\u00f4t que d&#039;enseigner aux apprenants <em>quelle\u00a0<\/em> r\u00e9fl\u00e9chir, nous leur enseignons les questions \u00e0 poser. L&#039;approche d&#039;\u00e9quilibrage des valeurs utilis\u00e9e par CCLET dans ses nombreux programmes \u00e9ducatifs invite les apprenants \u00e0 examiner et \u00e0 explorer les dilemmes \u00e9thiques sous plusieurs angles. En utilisant les principes qui sous-tendent la Charte canadienne des droits et libert\u00e9s, CCLET enseigne un cadre simplifi\u00e9 pour remettre en question presque toutes les questions d&#039;\u00e9quit\u00e9. De cette fa\u00e7on, le CCET aide les participants \u00e0 d\u00e9velopper des habitudes de d\u00e9mocratie.<\/span><span data-ccp-props=\"{&quot;201341983&quot;:0,&quot;335559739&quot;:0,&quot;335559740&quot;:240}\">\u00a0<\/span><\/p>\n\t<\/div>\n<\/div>\n\n\n\n\n\t\t\t<\/div> \n\t\t<\/div>\n\t<\/div> \n<\/div><\/div>\n\t\t<div id=\"fws_69d0c684e9da4\"  data-column-margin=\"default\" data-midnight=\"light\" data-top-percent=\"5%\" data-bottom-percent=\"5%\"  class=\"wpb_row vc_row-fluid vc_row full-width-section vc_row-o-equal-height vc_row-flex vc_row-o-content-middle\"  style=\"padding-top: calc(100vw * 0.05); padding-bottom: calc(100vw * 0.05); \"><div class=\"row-bg-wrap\" data-bg-animation=\"none\" data-bg-animation-delay=\"\" data-bg-overlay=\"false\"><div class=\"inner-wrap row-bg-layer\" ><div class=\"row-bg viewport-desktop using-bg-color\"  style=\"background-color: #4b94b3; \"><\/div><\/div><\/div><div class=\"row_col_wrap_12 col span_12 light left\">\n\t<div  class=\"vc_col-sm-6 wpb_column column_container vc_column_container col no-extra-padding inherit_tablet inherit_phone\"  data-padding-pos=\"all\" data-has-bg-color=\"false\" data-bg-color=\"\" data-bg-opacity=\"1\" data-animation=\"\" data-delay=\"0\" >\n\t\t<div class=\"vc_column-inner\" >\n\t\t\t<div class=\"wpb_wrapper\">\n\t\t\t\t<h2 style=\"text-align: left\" class=\"vc_custom_heading vc_do_custom_heading\" >Nos bailleurs de fonds<\/h2>\n<div class=\"wpb_text_column wpb_content_element\" >\n\t<div class=\"wpb_wrapper\">\n\t\t<p>Les programmes d&#039;\u00e9ducation de CCLET pour les enseignants et les \u00e9tudiants re\u00e7oivent un financement de la Fondation du droit de l&#039;Ontario et d&#039;autres donateurs et sympathisants.<\/p>\n\t<\/div>\n<\/div>\n\n\n\n\n\t\t\t<\/div> \n\t\t<\/div>\n\t<\/div> \n\n\t<div  class=\"vc_col-sm-6 wpb_column column_container vc_column_container col centered-text no-extra-padding inherit_tablet inherit_phone\"  data-padding-pos=\"all\" data-has-bg-color=\"false\" data-bg-color=\"\" data-bg-opacity=\"1\" data-animation=\"\" data-delay=\"0\" >\n\t\t<div class=\"vc_column-inner\" ><a class=\"column-link\" target=\"_blank\" href=\"https:\/\/lawfoundation.on.ca\/\"><\/a>\n\t\t\t<div class=\"wpb_wrapper\">\n\t\t\t\t<div class=\"img-with-aniamtion-wrap\" data-max-width=\"100%\" data-max-width-mobile=\"default\" data-shadow=\"none\" data-animation=\"fade-in\" >\n      <div class=\"inner\">\n        <div class=\"hover-wrap\"> \n          <div class=\"hover-wrap-inner\">\n            <img loading=\"lazy\" decoding=\"async\" class=\"img-with-animation skip-lazy\" data-delay=\"0\" height=\"225\" width=\"500\" data-animation=\"fade-in\" src=\"https:\/\/cclet.org\/wp-content\/uploads\/2021\/05\/LFO_E_logo.png\" alt=\"\" srcset=\"https:\/\/cclet.org\/wp-content\/uploads\/2021\/05\/LFO_E_logo.png 500w, https:\/\/cclet.org\/wp-content\/uploads\/2021\/05\/LFO_E_logo-300x135.png 300w\" sizes=\"auto, (max-width: 500px) 100vw, 500px\" \/>\n          <\/div>\n        <\/div>\n      <\/div>\n    <\/div>\n\t\t\t<\/div> \n\t\t<\/div>\n\t<\/div> \n<\/div><\/div>\n\t\t<div id=\"fws_69d0c684eb4f4\"  data-column-margin=\"default\" data-midnight=\"dark\"  class=\"wpb_row vc_row-fluid vc_row full-width-content vc_row-o-equal-height vc_row-flex vc_row-o-content-top\"  style=\"padding-top: 0px; padding-bottom: 0px; \"><div class=\"row-bg-wrap\" data-bg-animation=\"none\" data-bg-animation-delay=\"\" data-bg-overlay=\"false\"><div class=\"inner-wrap row-bg-layer\" ><div class=\"row-bg viewport-desktop\"  style=\"\"><\/div><\/div><\/div><div class=\"row_col_wrap_12 col span_12 dark left\">\n\t<div  class=\"vc_col-sm-3 wpb_column column_container vc_column_container col no-extra-padding inherit_tablet inherit_phone\"  data-padding-pos=\"all\" data-has-bg-color=\"false\" data-bg-color=\"\" data-bg-opacity=\"1\" data-animation=\"\" data-delay=\"0\" >\n\t\t<div class=\"vc_column-inner\" >\n\t\t\t<div class=\"wpb_wrapper\">\n\t\t\t\t<div class=\"img-with-aniamtion-wrap\" data-max-width=\"100%\" data-max-width-mobile=\"default\" data-shadow=\"none\" data-animation=\"fade-in\" >\n      <div class=\"inner\">\n        <div class=\"hover-wrap\"> \n          <div class=\"hover-wrap-inner\">\n            <img loading=\"lazy\" decoding=\"async\" class=\"img-with-animation skip-lazy\" data-delay=\"0\" height=\"600\" width=\"800\" data-animation=\"fade-in\" src=\"https:\/\/cclet.org\/wp-content\/uploads\/2021\/07\/portrait-of-school-kids.jpg\" alt=\"\" srcset=\"https:\/\/cclet.org\/wp-content\/uploads\/2021\/07\/portrait-of-school-kids.jpg 800w, https:\/\/cclet.org\/wp-content\/uploads\/2021\/07\/portrait-of-school-kids-300x225.jpg 300w, https:\/\/cclet.org\/wp-content\/uploads\/2021\/07\/portrait-of-school-kids-768x576.jpg 768w, https:\/\/cclet.org\/wp-content\/uploads\/2021\/07\/portrait-of-school-kids-16x12.jpg 16w\" sizes=\"auto, (max-width: 800px) 100vw, 800px\" \/>\n          <\/div>\n        <\/div>\n      <\/div>\n    <\/div>\n\t\t\t<\/div> \n\t\t<\/div>\n\t<\/div> \n\n\t<div  class=\"vc_col-sm-3 wpb_column column_container vc_column_container col no-extra-padding inherit_tablet inherit_phone\"  data-padding-pos=\"all\" data-has-bg-color=\"false\" data-bg-color=\"\" data-bg-opacity=\"1\" data-animation=\"\" data-delay=\"0\" >\n\t\t<div class=\"vc_column-inner\" >\n\t\t\t<div class=\"wpb_wrapper\">\n\t\t\t\t<div class=\"img-with-aniamtion-wrap\" data-max-width=\"100%\" data-max-width-mobile=\"default\" data-shadow=\"none\" data-animation=\"fade-in\" >\n      <div class=\"inner\">\n        <div class=\"hover-wrap\"> \n          <div class=\"hover-wrap-inner\">\n            <img loading=\"lazy\" decoding=\"async\" class=\"img-with-animation skip-lazy\" data-delay=\"0\" height=\"600\" width=\"800\" data-animation=\"fade-in\" src=\"https:\/\/cclet.org\/wp-content\/uploads\/2021\/08\/child_at_desk.png\" alt=\"\" srcset=\"https:\/\/cclet.org\/wp-content\/uploads\/2021\/08\/child_at_desk.png 800w, https:\/\/cclet.org\/wp-content\/uploads\/2021\/08\/child_at_desk-300x225.png 300w, https:\/\/cclet.org\/wp-content\/uploads\/2021\/08\/child_at_desk-768x576.png 768w, https:\/\/cclet.org\/wp-content\/uploads\/2021\/08\/child_at_desk-16x12.png 16w\" sizes=\"auto, (max-width: 800px) 100vw, 800px\" \/>\n          <\/div>\n        <\/div>\n      <\/div>\n    <\/div>\n\t\t\t<\/div> \n\t\t<\/div>\n\t<\/div> \n\n\t<div  class=\"vc_col-sm-3 wpb_column column_container vc_column_container col no-extra-padding inherit_tablet inherit_phone\"  data-padding-pos=\"all\" data-has-bg-color=\"false\" data-bg-color=\"\" data-bg-opacity=\"1\" data-animation=\"\" data-delay=\"0\" >\n\t\t<div class=\"vc_column-inner\" >\n\t\t\t<div class=\"wpb_wrapper\">\n\t\t\t\t<div class=\"img-with-aniamtion-wrap\" data-max-width=\"100%\" data-max-width-mobile=\"default\" data-shadow=\"none\" data-animation=\"fade-in\" >\n      <div class=\"inner\">\n        <div class=\"hover-wrap\"> \n          <div class=\"hover-wrap-inner\">\n            <img loading=\"lazy\" decoding=\"async\" class=\"img-with-animation skip-lazy\" data-delay=\"0\" height=\"600\" width=\"800\" data-animation=\"fade-in\" src=\"https:\/\/cclet.org\/wp-content\/uploads\/2021\/05\/row-photo-01.jpg\" alt=\"\" srcset=\"https:\/\/cclet.org\/wp-content\/uploads\/2021\/05\/row-photo-01.jpg 800w, https:\/\/cclet.org\/wp-content\/uploads\/2021\/05\/row-photo-01-300x225.jpg 300w, https:\/\/cclet.org\/wp-content\/uploads\/2021\/05\/row-photo-01-768x576.jpg 768w\" sizes=\"auto, (max-width: 800px) 100vw, 800px\" \/>\n          <\/div>\n        <\/div>\n      <\/div>\n    <\/div>\n\t\t\t<\/div> \n\t\t<\/div>\n\t<\/div> \n\n\t<div  class=\"vc_col-sm-3 wpb_column column_container vc_column_container col no-extra-padding inherit_tablet inherit_phone\"  data-padding-pos=\"all\" data-has-bg-color=\"false\" data-bg-color=\"\" data-bg-opacity=\"1\" data-animation=\"\" data-delay=\"0\" >\n\t\t<div class=\"vc_column-inner\" >\n\t\t\t<div class=\"wpb_wrapper\">\n\t\t\t\t<div class=\"img-with-aniamtion-wrap\" data-max-width=\"100%\" data-max-width-mobile=\"default\" data-shadow=\"none\" data-animation=\"fade-in\" >\n      <div class=\"inner\">\n        <div class=\"hover-wrap\"> \n          <div class=\"hover-wrap-inner\">\n            <img loading=\"lazy\" decoding=\"async\" class=\"img-with-animation skip-lazy\" data-delay=\"0\" height=\"600\" width=\"800\" data-animation=\"fade-in\" src=\"https:\/\/cclet.org\/wp-content\/uploads\/2021\/05\/IMG_0166-800x600-1.jpg\" alt=\"\" srcset=\"https:\/\/cclet.org\/wp-content\/uploads\/2021\/05\/IMG_0166-800x600-1.jpg 800w, https:\/\/cclet.org\/wp-content\/uploads\/2021\/05\/IMG_0166-800x600-1-300x225.jpg 300w, https:\/\/cclet.org\/wp-content\/uploads\/2021\/05\/IMG_0166-800x600-1-768x576.jpg 768w\" sizes=\"auto, (max-width: 800px) 100vw, 800px\" \/>\n          <\/div>\n        <\/div>\n      <\/div>\n    <\/div>\n\t\t\t<\/div> \n\t\t<\/div>\n\t<\/div> \n<\/div><\/div>","protected":false},"excerpt":{"rendered":"\u00c0 propos de CCLET La Fiducie canadienne pour l&#039;\u00e9ducation pour les libert\u00e9s civiles (CCLET) est un organisme de recherche et d&#039;\u00e9ducation publique \u00e0 but non lucratif cr\u00e9\u00e9 en 1967 par l&#039;Association canadienne des libert\u00e9s civiles (ACLC). L&#039;ACLC est un...","protected":false},"author":1,"featured_media":634,"parent":0,"menu_order":0,"comment_status":"closed","ping_status":"open","template":"","meta":{"footnotes":""},"class_list":["post-624","page","type-page","status-publish","has-post-thumbnail"],"yoast_head":"<!-- This site is optimized with the Yoast SEO plugin v25.8 - https:\/\/yoast.com\/wordpress\/plugins\/seo\/ -->\n<title>About Us - Canadian Civil Liberties Education Trust<\/title>\n<meta name=\"robots\" content=\"index, follow, max-snippet:-1, max-image-preview:large, max-video-preview:-1\" \/>\n<link rel=\"canonical\" href=\"https:\/\/cclet.org\/fr\/about-us\/\" \/>\n<meta property=\"og:locale\" content=\"fr_CA\" \/>\n<meta property=\"og:type\" content=\"article\" \/>\n<meta property=\"og:title\" content=\"About Us - Canadian Civil Liberties Education Trust\" \/>\n<meta property=\"og:url\" content=\"https:\/\/cclet.org\/fr\/about-us\/\" \/>\n<meta property=\"og:site_name\" content=\"Canadian Civil Liberties Education Trust\" \/>\n<meta property=\"article:modified_time\" content=\"2021-08-02T17:19:58+00:00\" \/>\n<meta property=\"og:image\" content=\"https:\/\/cclet.org\/wp-content\/uploads\/2021\/05\/group-of-school-kids-raising-hands-in-classroom-PF36XQ9.jpg\" \/>\n\t<meta property=\"og:image:width\" content=\"1900\" \/>\n\t<meta property=\"og:image:height\" content=\"1267\" \/>\n\t<meta property=\"og:image:type\" content=\"image\/jpeg\" \/>\n<meta name=\"twitter:card\" content=\"summary_large_image\" \/>\n<meta name=\"twitter:label1\" content=\"Estimation du temps de lecture\" \/>\n\t<meta name=\"twitter:data1\" content=\"4 minutes\" \/>\n<script type=\"application\/ld+json\" class=\"yoast-schema-graph\">{\"@context\":\"https:\/\/schema.org\",\"@graph\":[{\"@type\":\"WebPage\",\"@id\":\"https:\/\/cclet.org\/about-us\/\",\"url\":\"https:\/\/cclet.org\/about-us\/\",\"name\":\"About Us - Canadian Civil Liberties Education Trust\",\"isPartOf\":{\"@id\":\"https:\/\/cclet.org\/#website\"},\"primaryImageOfPage\":{\"@id\":\"https:\/\/cclet.org\/about-us\/#primaryimage\"},\"image\":{\"@id\":\"https:\/\/cclet.org\/about-us\/#primaryimage\"},\"thumbnailUrl\":\"https:\/\/cclet.org\/wp-content\/uploads\/2021\/05\/group-of-school-kids-raising-hands-in-classroom-PF36XQ9.jpg\",\"datePublished\":\"2021-05-27T20:34:35+00:00\",\"dateModified\":\"2021-08-02T17:19:58+00:00\",\"breadcrumb\":{\"@id\":\"https:\/\/cclet.org\/about-us\/#breadcrumb\"},\"inLanguage\":\"fr-CA\",\"potentialAction\":[{\"@type\":\"ReadAction\",\"target\":[\"https:\/\/cclet.org\/about-us\/\"]}]},{\"@type\":\"ImageObject\",\"inLanguage\":\"fr-CA\",\"@id\":\"https:\/\/cclet.org\/about-us\/#primaryimage\",\"url\":\"https:\/\/cclet.org\/wp-content\/uploads\/2021\/05\/group-of-school-kids-raising-hands-in-classroom-PF36XQ9.jpg\",\"contentUrl\":\"https:\/\/cclet.org\/wp-content\/uploads\/2021\/05\/group-of-school-kids-raising-hands-in-classroom-PF36XQ9.jpg\",\"width\":1900,\"height\":1267,\"caption\":\"education, elementary school, learning and people concept - group of students raising hands on lesson in classroom\"},{\"@type\":\"BreadcrumbList\",\"@id\":\"https:\/\/cclet.org\/about-us\/#breadcrumb\",\"itemListElement\":[{\"@type\":\"ListItem\",\"position\":1,\"name\":\"Home\",\"item\":\"https:\/\/cclet.org\/\"},{\"@type\":\"ListItem\",\"position\":2,\"name\":\"About Us\"}]},{\"@type\":\"WebSite\",\"@id\":\"https:\/\/cclet.org\/#website\",\"url\":\"https:\/\/cclet.org\/\",\"name\":\"Canadian Civil Liberties Education Trust\",\"description\":\"CCLET is a non-profit research and public educational organization created by the CCLA.\",\"potentialAction\":[{\"@type\":\"SearchAction\",\"target\":{\"@type\":\"EntryPoint\",\"urlTemplate\":\"https:\/\/cclet.org\/?s={search_term_string}\"},\"query-input\":{\"@type\":\"PropertyValueSpecification\",\"valueRequired\":true,\"valueName\":\"search_term_string\"}}],\"inLanguage\":\"fr-CA\"}]}<\/script>\n<!-- \/ Yoast SEO plugin. -->","yoast_head_json":{"title":"About Us - Canadian Civil Liberties Education Trust","robots":{"index":"index","follow":"follow","max-snippet":"max-snippet:-1","max-image-preview":"max-image-preview:large","max-video-preview":"max-video-preview:-1"},"canonical":"https:\/\/cclet.org\/fr\/about-us\/","og_locale":"fr_CA","og_type":"article","og_title":"About Us - Canadian Civil Liberties Education Trust","og_url":"https:\/\/cclet.org\/fr\/about-us\/","og_site_name":"Canadian Civil Liberties Education Trust","article_modified_time":"2021-08-02T17:19:58+00:00","og_image":[{"width":1900,"height":1267,"url":"https:\/\/cclet.org\/wp-content\/uploads\/2021\/05\/group-of-school-kids-raising-hands-in-classroom-PF36XQ9.jpg","type":"image\/jpeg"}],"twitter_card":"summary_large_image","twitter_misc":{"Estimation du temps de lecture":"4 minutes"},"schema":{"@context":"https:\/\/schema.org","@graph":[{"@type":"WebPage","@id":"https:\/\/cclet.org\/about-us\/","url":"https:\/\/cclet.org\/about-us\/","name":"About Us - Canadian Civil Liberties Education Trust","isPartOf":{"@id":"https:\/\/cclet.org\/#website"},"primaryImageOfPage":{"@id":"https:\/\/cclet.org\/about-us\/#primaryimage"},"image":{"@id":"https:\/\/cclet.org\/about-us\/#primaryimage"},"thumbnailUrl":"https:\/\/cclet.org\/wp-content\/uploads\/2021\/05\/group-of-school-kids-raising-hands-in-classroom-PF36XQ9.jpg","datePublished":"2021-05-27T20:34:35+00:00","dateModified":"2021-08-02T17:19:58+00:00","breadcrumb":{"@id":"https:\/\/cclet.org\/about-us\/#breadcrumb"},"inLanguage":"fr-CA","potentialAction":[{"@type":"ReadAction","target":["https:\/\/cclet.org\/about-us\/"]}]},{"@type":"ImageObject","inLanguage":"fr-CA","@id":"https:\/\/cclet.org\/about-us\/#primaryimage","url":"https:\/\/cclet.org\/wp-content\/uploads\/2021\/05\/group-of-school-kids-raising-hands-in-classroom-PF36XQ9.jpg","contentUrl":"https:\/\/cclet.org\/wp-content\/uploads\/2021\/05\/group-of-school-kids-raising-hands-in-classroom-PF36XQ9.jpg","width":1900,"height":1267,"caption":"education, elementary school, learning and people concept - group of students raising hands on lesson in classroom"},{"@type":"BreadcrumbList","@id":"https:\/\/cclet.org\/about-us\/#breadcrumb","itemListElement":[{"@type":"ListItem","position":1,"name":"Home","item":"https:\/\/cclet.org\/"},{"@type":"ListItem","position":2,"name":"About Us"}]},{"@type":"WebSite","@id":"https:\/\/cclet.org\/#website","url":"https:\/\/cclet.org\/","name":"Canadian Civil Liberties Education Trust","description":"CCLET is a non-profit research and public educational organization created by the CCLA.","potentialAction":[{"@type":"SearchAction","target":{"@type":"EntryPoint","urlTemplate":"https:\/\/cclet.org\/?s={search_term_string}"},"query-input":{"@type":"PropertyValueSpecification","valueRequired":true,"valueName":"search_term_string"}}],"inLanguage":"fr-CA"}]}},"_links":{"self":[{"href":"https:\/\/cclet.org\/fr\/wp-json\/wp\/v2\/pages\/624","targetHints":{"allow":["GET"]}}],"collection":[{"href":"https:\/\/cclet.org\/fr\/wp-json\/wp\/v2\/pages"}],"about":[{"href":"https:\/\/cclet.org\/fr\/wp-json\/wp\/v2\/types\/page"}],"author":[{"embeddable":true,"href":"https:\/\/cclet.org\/fr\/wp-json\/wp\/v2\/users\/1"}],"replies":[{"embeddable":true,"href":"https:\/\/cclet.org\/fr\/wp-json\/wp\/v2\/comments?post=624"}],"version-history":[{"count":35,"href":"https:\/\/cclet.org\/fr\/wp-json\/wp\/v2\/pages\/624\/revisions"}],"predecessor-version":[{"id":1051,"href":"https:\/\/cclet.org\/fr\/wp-json\/wp\/v2\/pages\/624\/revisions\/1051"}],"wp:featuredmedia":[{"embeddable":true,"href":"https:\/\/cclet.org\/fr\/wp-json\/wp\/v2\/media\/634"}],"wp:attachment":[{"href":"https:\/\/cclet.org\/fr\/wp-json\/wp\/v2\/media?parent=624"}],"curies":[{"name":"wp","href":"https:\/\/api.w.org\/{rel}","templated":true}]}}